{"id":6753,"date":"2024-02-07T16:22:14","date_gmt":"2024-02-07T15:22:14","guid":{"rendered":"https:\/\/greenhouseverandas.be\/conditions-generales-dutilisation\/"},"modified":"2024-04-04T10:17:15","modified_gmt":"2024-04-04T09:17:15","slug":"conditions-generales-dutilisation","status":"publish","type":"page","link":"https:\/\/greenhouseverandas.be\/fr\/conditions-generales-dutilisation\/","title":{"rendered":"Conditions g\u00e9n\u00e9rales d&rsquo;utilisation"},"content":{"rendered":"\t\t<div data-elementor-type=\"wp-page\" data-elementor-id=\"6753\" class=\"elementor elementor-6753 elementor-3275\" data-elementor-post-type=\"page\">\n\t\t\t\t<div class=\"elementor-element elementor-element-7e909b9 e-flex e-con-boxed e-con e-parent\" data-id=\"7e909b9\" data-element_type=\"container\" data-e-type=\"container\">\n\t\t\t\t\t<div class=\"e-con-inner\">\n\t\t\t\t<div class=\"elementor-element elementor-element-77561ef elementor-widget elementor-widget-heading\" data-id=\"77561ef\" data-element_type=\"widget\" data-e-type=\"widget\" data-widget_type=\"heading.default\">\n\t\t\t\t<div class=\"elementor-widget-container\">\n\t\t\t\t\t<h2 class=\"elementor-heading-title elementor-size-default\">Conditions g\u00e9n\u00e9rales d'utilisation<\/h2>\t\t\t\t<\/div>\n\t\t\t\t<\/div>\n\t\t\t\t\t<\/div>\n\t\t\t\t<\/div>\n\t\t<div class=\"elementor-element elementor-element-fe293b5 e-flex e-con-boxed e-con e-parent\" data-id=\"fe293b5\" data-element_type=\"container\" data-e-type=\"container\">\n\t\t\t\t\t<div class=\"e-con-inner\">\n\t\t\t\t<div class=\"elementor-element elementor-element-e1c962f elementor-widget elementor-widget-text-editor\" data-id=\"e1c962f\" data-element_type=\"widget\" data-e-type=\"widget\" data-widget_type=\"text-editor.default\">\n\t\t\t\t<div class=\"elementor-widget-container\">\n\t\t\t\t\t\t\t\t\t<p>Bienvenue \u00e0 Greenhouse Verandas !<\/p>\n<\/p>\n<p>Ces termes et conditions d\u00e9crivent les r\u00e8gles et r\u00e8glements r\u00e9gissant l&rsquo;utilisation du site web de Greenhouse Veranda, situ\u00e9 \u00e0 l&rsquo;adresse https:\/\/greenhouseverandas.be.<\/p>\n<\/p>\n<p>En visitant ce site web, nous supposons que vous acceptez ces termes et conditions. Ne continuez pas \u00e0 utiliser www.greenhouseverandas.be si vous n&rsquo;acceptez pas tous les termes et conditions \u00e9nonc\u00e9s sur cette page.<\/p>\n<\/p>\n<h3>Cookies :<\/h3>\n<p>Le site web utilise des cookies pour rendre votre exp\u00e9rience en ligne plus personnalis\u00e9e. En acc\u00e9dant \u00e0 www.greenhouseverandas.be, vous acceptez d&rsquo;utiliser les cookies n\u00e9cessaires.<\/p>\n<\/p>\n<p>Un cookie est un fichier texte plac\u00e9 sur votre disque dur par un serveur de page web. Les cookies ne peuvent pas \u00eatre utilis\u00e9s pour ex\u00e9cuter des programmes ou transmettre des virus \u00e0 votre ordinateur. Les cookies vous sont attribu\u00e9s de mani\u00e8re unique et ne peuvent \u00eatre lus que par un serveur web du domaine qui a \u00e9mis le cookie.<\/p>\n<\/p>\n<p>Nous pouvons utiliser des cookies pour collecter, stocker et suivre des informations \u00e0 des fins statistiques ou de marketing pour faire fonctionner notre site web. Vous avez la possibilit\u00e9 d&rsquo;accepter ou de refuser les cookies optionnels. Certains cookies sont n\u00e9cessaires au fonctionnement de notre site web. Ces cookies ne requi\u00e8rent pas votre consentement car ils fonctionnent toujours. Veuillez noter qu&rsquo;en acceptant les cookies n\u00e9cessaires, vous acceptez \u00e9galement les cookies de tiers, qui peuvent \u00eatre utilis\u00e9s par des services fournis par des tiers si vous utilisez ces services sur notre site web, par exemple une fen\u00eatre de lecture vid\u00e9o de tiers int\u00e9gr\u00e9e \u00e0 notre site web.<\/p>\n<\/p>\n<h3>Licence :<\/h3>\n<p>Sauf indication contraire, Greenhouse Verandas et\/ou ses conc\u00e9dants de licence d\u00e9tiennent les droits de propri\u00e9t\u00e9 intellectuelle pour toutes les donn\u00e9es figurant sur www.greenhouseverandas.be.<\/p>\n<\/p>\n<p>Tous les droits de propri\u00e9t\u00e9 intellectuelle sont r\u00e9serv\u00e9s. Vous pouvez y acc\u00e9der \u00e0 partir de www.greenhouseverandas.be pour votre usage personnel, sous r\u00e9serve des restrictions \u00e9nonc\u00e9es dans les pr\u00e9sentes conditions g\u00e9n\u00e9rales.<\/p>\n<\/p>\n<p>Vous ne pouvez pas :<\/p>\n<ul>\n<li>Copier ou republier du mat\u00e9riel provenant de www.greenhouseverandas.be<\/li>\n<li>Vendre, louer ou donner en sous-licence du mat\u00e9riel provenant de www.greenhouseverandas.be<\/li>\n<li>reproduire, dupliquer ou copier du mat\u00e9riel provenant de www.greenhouseverandas.be<\/li>\n<li>Redistribuer le contenu de www.greenhouseverandas.be<\/li>\n<\/ul>\n<p>Le pr\u00e9sent accord prend effet \u00e0 cette date.<\/p>\n<\/p>\n<p>Certaines parties de ce site web permettent aux utilisateurs de publier et d&rsquo;\u00e9changer des opinions et des informations sur certaines parties du site. Greenhouse Verandas ne filtre pas, n&rsquo;\u00e9dite pas, ne publie pas et ne r\u00e9vise pas les commentaires avant qu&rsquo;ils ne soient publi\u00e9s sur le site web. Les commentaires ne refl\u00e8tent pas les points de vue et les opinions de Greenhouse Verandas, de ses agents et\/ou de ses soci\u00e9t\u00e9s affili\u00e9es. Les commentaires refl\u00e8tent les points de vue et les opinions de la personne qui les publie. Dans la mesure permise par la loi applicable, Greenhouse Verandas ne sera pas responsable des commentaires ou de toute responsabilit\u00e9, dommages ou co\u00fbts caus\u00e9s et\/ou subis suite \u00e0 l&rsquo;utilisation de, et\/ou l&rsquo;affichage de, et\/ou l&rsquo;apparition des commentaires sur ce site web.<\/p>\n<\/p>\n<p>Greenhouse Verandas se r\u00e9serve le droit de contr\u00f4ler tous les commentaires et de supprimer ceux qui peuvent \u00eatre consid\u00e9r\u00e9s comme inappropri\u00e9s, offensants ou en violation de ces termes et conditions.<\/p>\n<\/p>\n<p>Vous le garantissez et le d\u00e9clarez :<\/p>\n<ul>\n<li>Vous avez le droit de publier les commentaires sur notre site web et disposez de toutes les licences et autorisations n\u00e9cessaires pour le faire ;<\/li>\n<li>Les commentaires n&rsquo;enfreignent aucun droit de propri\u00e9t\u00e9 intellectuelle, y compris, mais sans s&rsquo;y limiter, les droits d&rsquo;auteur, les brevets ou les marques d\u00e9pos\u00e9es d&rsquo;un tiers ;<\/li>\n<li>Les commentaires ne contiennent pas d&rsquo;\u00e9l\u00e9ments diffamatoires, injurieux, offensants, ind\u00e9cents ou autrement ill\u00e9gaux, qui constituent une atteinte \u00e0 la vie priv\u00e9e.<\/li>\n<li>Les commentaires ne seront pas utilis\u00e9s pour solliciter ou promouvoir des affaires, des coutumes, des activit\u00e9s commerciales actuelles ou des activit\u00e9s ill\u00e9gales.<\/li>\n<\/ul>\n<p>Par la pr\u00e9sente, vous accordez \u00e0 Greenhouse Veranda une licence non exclusive pour utiliser, reproduire, \u00e9diter et autoriser d&rsquo;autres personnes \u00e0 utiliser, reproduire et \u00e9diter vos commentaires sous quelque forme, format ou m\u00e9dia que ce soit.<\/p>\n<\/p>\n<h3>Hyperliens vers notre contenu :<\/h3>\n<p>Les organisations suivantes peuvent \u00e9tablir un lien avec notre site web sans autorisation \u00e9crite pr\u00e9alable :<\/p>\n<ul>\n<li>Agences gouvernementales ;<\/li>\n<li>Moteurs de recherche ;<\/li>\n<li>Organismes de presse ;<\/li>\n<li>Les distributeurs d&rsquo;annuaires en ligne peuvent cr\u00e9er des liens vers notre site web de la m\u00eame mani\u00e8re que les hyperliens vers les sites web d&rsquo;autres soci\u00e9t\u00e9s cot\u00e9es en bourse ; et<\/li>\n<li>Des entreprises accr\u00e9dit\u00e9es pour l&rsquo;ensemble du syst\u00e8me, \u00e0 l&rsquo;exception des organisations \u00e0 but non lucratif de recrutement, des centres commerciaux caritatifs et des groupes de collecte de fonds caritatifs qui ne peuvent pas \u00e9tablir d&rsquo;hyperliens avec notre site web.<\/li>\n<\/ul>\n<p>Ces organisations peuvent \u00e9tablir un lien avec notre page d&rsquo;accueil, nos publications ou d&rsquo;autres informations du site web, pour autant que le lien soit \u00e9tabli : (a) n&rsquo;est en aucune fa\u00e7on trompeuse ; (b) n&rsquo;implique pas faussement le parrainage, l&rsquo;approbation ou le soutien de la partie contraignante et de ses produits et\/ou services ; et (c) s&rsquo;inscrit dans le contexte du site de la partie qui s&rsquo;y connecte.<\/p>\n<\/p>\n<p>Nous pouvons examiner et approuver d&rsquo;autres demandes de liens \u00e9manant des types d&rsquo;organisations suivants :<\/p>\n<ul>\n<li>des sources d&rsquo;information connues des consommateurs et\/ou des entreprises ;<\/li>\n<li>les sites communautaires dot.com ;<\/li>\n<li>les associations ou autres groupes repr\u00e9sentant les organisations caritatives ;<\/li>\n<li>distributeurs d&rsquo;annuaires en ligne ;<\/li>\n<li>les portails internet ;<\/li>\n<li>les cabinets d&rsquo;experts-comptables, d&rsquo;avocats et de consultants ; et<\/li>\n<li>les \u00e9tablissements d&rsquo;enseignement et les associations professionnelles.<\/li>\n<\/ul>\n<p>Nous approuverons les demandes de liens \u00e9manant de ces organisations si nous en d\u00e9cidons ainsi : (a) le lien ne nous donnerait pas une image favorable de nous-m\u00eames ou de nos entreprises accr\u00e9dit\u00e9es ; (b) l&rsquo;organisation n&rsquo;a pas d&rsquo;ant\u00e9c\u00e9dents n\u00e9gatifs aupr\u00e8s de nous ; (c) l&rsquo;avantage que nous tirons de la visibilit\u00e9 de l&rsquo;hyperlien compense l&rsquo;absence de v\u00e9randas de serre ; et (d) le lien se trouve dans le contexte d&rsquo;informations g\u00e9n\u00e9rales.<\/p>\n<\/p>\n<p>Ces organisations peuvent \u00e9tablir un lien avec notre page d&rsquo;accueil, \u00e0 condition que ce lien.. : (a) n&rsquo;est en aucune fa\u00e7on trompeuse ; (b) n&rsquo;implique pas faussement le parrainage ou l&rsquo;approbation de la partie qui se connecte et de ses produits ou services ; et (c) s&rsquo;inscrit dans le contexte du site de la partie qui s&rsquo;y connecte.<\/p>\n<\/p>\n<p>Si vous \u00eates l&rsquo;une des organisations mentionn\u00e9es au paragraphe 2 ci-dessus et que vous souhaitez \u00e9tablir un lien avec notre site web, vous devez nous en informer en envoyant un courrier \u00e9lectronique \u00e0 Greenhouse Verandas. Indiquez votre nom, le nom de votre organisation, vos coordonn\u00e9es ainsi que l&rsquo;URL de votre site, une liste de tous les URL \u00e0 partir desquels vous souhaitez cr\u00e9er un lien vers notre site web et une liste des URL de notre site vers lesquels vous souhaitez cr\u00e9er un lien. l&rsquo;accouplement. Attendez 2 \u00e0 3 semaines pour obtenir une r\u00e9ponse.<\/p>\n<\/p>\n<p>Les organisations agr\u00e9\u00e9es peuvent cr\u00e9er un lien hypertexte vers notre site web comme suit :<\/p>\n<ul>\n<li>en utilisant le nom de notre entreprise ; ou<\/li>\n<li>En utilisant le localisateur de ressources uniformes li\u00e9 \u00e0 ; ou<\/li>\n<li>L&rsquo;utilisation d&rsquo;une description diff\u00e9rente de notre site web li\u00e9 doit avoir un sens dans le contexte et le format du contenu du site de la partie qui \u00e9tablit le lien.<\/li>\n<\/ul>\n<p>L&rsquo;utilisation du logo de Greenhouse Veranda ou d&rsquo;autres illustrations n&rsquo;est pas autoris\u00e9e pour l&rsquo;\u00e9tablissement de liens sans un accord de licence de marque.<\/p>\n<\/p>\n<h3>Responsabilit\u00e9 du contenu :<\/h3>\n<p>Nous ne pouvons \u00eatre tenus responsables du contenu de votre site web. Vous acceptez de nous prot\u00e9ger et de nous d\u00e9fendre contre toute r\u00e9clamation faite sur votre site web. Aucun lien ne peut appara\u00eetre sur un site web qui pourrait \u00eatre interpr\u00e9t\u00e9 comme diffamatoire, obsc\u00e8ne ou criminel, ou qui enfreint, viole d&rsquo;une autre mani\u00e8re ou pr\u00e9conise l&rsquo;enfreinte ou la violation d&rsquo;une autre mani\u00e8re des droits des tiers.<\/p>\n<\/p>\n<h3>R\u00e9serve de droits :<\/h3>\n<p>Nous nous r\u00e9servons le droit de vous demander de supprimer tous les liens ou un lien particulier vers notre site web. Vous acceptez de supprimer imm\u00e9diatement tous les liens vers notre site web sur demande. Nous nous r\u00e9servons \u00e9galement le droit de modifier \u00e0 tout moment les pr\u00e9sentes conditions g\u00e9n\u00e9rales et la politique de liens. En \u00e9tablissant un lien permanent avec notre site web, vous acceptez d&rsquo;\u00eatre li\u00e9 par les pr\u00e9sentes conditions g\u00e9n\u00e9rales d&rsquo;utilisation des liens et de les respecter.<\/p>\n<\/p>\n<h3>Suppression de liens sur notre site web :<\/h3>\n<p>Si vous trouvez un lien sur notre site web qui est offensant pour quelque raison que ce soit, vous pouvez nous contacter \u00e0 tout moment et nous en informer. Nous examinerons les demandes de suppression de liens, mais nous ne sommes pas oblig\u00e9s de vous r\u00e9pondre directement.<\/p>\n<\/p>\n<p>Nous ne garantissons pas l&rsquo;exactitude des informations contenues dans ce site web. Nous ne garantissons pas l&rsquo;exhaustivit\u00e9 ou l&rsquo;exactitude des informations, et nous ne promettons pas non plus de garantir que le site web restera disponible ou que les informations qu&rsquo;il contient seront tenues \u00e0 jour.<\/p>\n<\/p>\n<h3>Avis de non-responsabilit\u00e9 :<\/h3>\n<p>Dans toute la mesure permise par la loi applicable, nous excluons toutes les repr\u00e9sentations, garanties et conditions relatives \u00e0 notre site web et \u00e0 son utilisation. Aucune disposition de la pr\u00e9sente clause de non-responsabilit\u00e9 n&rsquo;est applicable :<\/p>\n<ul>\n<li>limiter ou exclure notre ou votre responsabilit\u00e9 en cas de d\u00e9c\u00e8s ou de dommages corporels ;<\/li>\n<li>limitation ou exclusion de notre ou de votre responsabilit\u00e9 en cas de fraude ou de d\u00e9claration frauduleuse ;<\/li>\n<li>limiter l&rsquo;une quelconque de nos ou de vos responsabilit\u00e9s d&rsquo;une mani\u00e8re qui n&rsquo;est pas autoris\u00e9e par le droit applicable ; ou<\/li>\n<li>exclut toute responsabilit\u00e9 de notre part ou de la v\u00f4tre qui ne peut \u00eatre exclue en vertu du droit applicable.<\/li>\n<\/ul>\n<p>Les limitations et interdictions de responsabilit\u00e9 \u00e9nonc\u00e9es dans la pr\u00e9sente section et ailleurs dans la pr\u00e9sente clause de non-responsabilit\u00e9 : (a) sont soumis au paragraphe pr\u00e9c\u00e9dent ; et (b) r\u00e9gler toutes les responsabilit\u00e9s d\u00e9coulant de la clause de non-responsabilit\u00e9, y compris les responsabilit\u00e9s contractuelles, d\u00e9lictuelles et pour violation d&rsquo;une obligation l\u00e9gale.<\/p>\n<p>Tant que le site web et les informations et services qu&rsquo;il contient sont fournis gratuitement, nous ne sommes pas responsables des pertes ou dommages de quelque nature que ce soit.<\/p>\n\t\t\t\t\t\t\t\t<\/div>\n\t\t\t\t<\/div>\n\t\t\t\t\t<\/div>\n\t\t\t\t<\/div>\n\t\t\t\t<\/div>\n\t\t","protected":false},"excerpt":{"rendered":"<p>Conditions g\u00e9n\u00e9rales d&rsquo;utilisation Bienvenue \u00e0 Greenhouse Verandas ! Ces termes et conditions d\u00e9crivent les r\u00e8gles et r\u00e8glements r\u00e9gissant l&rsquo;utilisation du site web de Greenhouse Veranda, situ\u00e9 \u00e0 l&rsquo;adresse https:\/\/greenhouseverandas.be. En visitant ce site web, nous supposons que vous acceptez ces termes et conditions. Ne continuez pas \u00e0 utiliser www.greenhouseverandas.be si vous n&rsquo;acceptez pas tous les [&hellip;]<\/p>\n","protected":false},"author":1,"featured_media":0,"parent":0,"menu_order":0,"comment_status":"closed","ping_status":"closed","template":"elementor_header_footer","meta":{"_acf_changed":false,"footnotes":""},"class_list":["post-6753","page","type-page","status-publish","hentry"],"acf":[],"_links":{"self":[{"href":"https:\/\/greenhouseverandas.be\/fr\/wp-json\/wp\/v2\/pages\/6753","targetHints":{"allow":["GET"]}}],"collection":[{"href":"https:\/\/greenhouseverandas.be\/fr\/wp-json\/wp\/v2\/pages"}],"about":[{"href":"https:\/\/greenhouseverandas.be\/fr\/wp-json\/wp\/v2\/types\/page"}],"author":[{"embeddable":true,"href":"https:\/\/greenhouseverandas.be\/fr\/wp-json\/wp\/v2\/users\/1"}],"replies":[{"embeddable":true,"href":"https:\/\/greenhouseverandas.be\/fr\/wp-json\/wp\/v2\/comments?post=6753"}],"version-history":[{"count":0,"href":"https:\/\/greenhouseverandas.be\/fr\/wp-json\/wp\/v2\/pages\/6753\/revisions"}],"wp:attachment":[{"href":"https:\/\/greenhouseverandas.be\/fr\/wp-json\/wp\/v2\/media?parent=6753"}],"curies":[{"name":"wp","href":"https:\/\/api.w.org\/{rel}","templated":true}]}}