{"id":6748,"date":"2024-01-10T11:26:42","date_gmt":"2024-01-10T10:26:42","guid":{"rendered":"https:\/\/greenhouseverandas.be\/faq\/"},"modified":"2024-04-04T10:17:20","modified_gmt":"2024-04-04T09:17:20","slug":"faq","status":"publish","type":"page","link":"https:\/\/greenhouseverandas.be\/fr\/faq\/","title":{"rendered":"FAQ"},"content":{"rendered":"\t\t<div data-elementor-type=\"wp-page\" data-elementor-id=\"6748\" class=\"elementor elementor-6748 elementor-62\" data-elementor-post-type=\"page\">\n\t\t\t\t<div class=\"elementor-element elementor-element-99225e6 e-flex e-con-boxed e-con e-parent\" data-id=\"99225e6\" data-element_type=\"container\" data-e-type=\"container\">\n\t\t\t\t\t<div class=\"e-con-inner\">\n\t\t\t\t<div class=\"elementor-element elementor-element-c85baa4 elementor-widget elementor-widget-heading\" data-id=\"c85baa4\" data-element_type=\"widget\" data-e-type=\"widget\" data-widget_type=\"heading.default\">\n\t\t\t\t<div class=\"elementor-widget-container\">\n\t\t\t\t\t<h2 class=\"elementor-heading-title elementor-size-default\">Questions fr\u00e9quemment pos\u00e9es<\/h2>\t\t\t\t<\/div>\n\t\t\t\t<\/div>\n\t\t\t\t<div class=\"elementor-element elementor-element-7639fd2 elementor-widget elementor-widget-text-editor\" data-id=\"7639fd2\" data-element_type=\"widget\" data-e-type=\"widget\" data-widget_type=\"text-editor.default\">\n\t\t\t\t<div class=\"elementor-widget-container\">\n\t\t\t\t\t\t\t\t\t<p>Nous sommes heureux d&rsquo;y r\u00e9pondre !<\/p>\n\t\t\t\t\t\t\t\t<\/div>\n\t\t\t\t<\/div>\n\t\t<div class=\"elementor-element elementor-element-2cc888e e-flex e-con-boxed e-con e-child\" data-id=\"2cc888e\" data-element_type=\"container\" data-e-type=\"container\">\n\t\t\t\t\t<div class=\"e-con-inner\">\n\t\t\t\t<div class=\"elementor-element elementor-element-1c22b53 elementor-widget elementor-widget-accordion\" data-id=\"1c22b53\" data-element_type=\"widget\" data-e-type=\"widget\" data-widget_type=\"accordion.default\">\n\t\t\t\t<div class=\"elementor-widget-container\">\n\t\t\t\t\t\t\t<div class=\"elementor-accordion\">\n\t\t\t\t\t\t\t<div class=\"elementor-accordion-item\">\n\t\t\t\t\t<div id=\"elementor-tab-title-2951\" class=\"elementor-tab-title\" data-tab=\"1\" role=\"button\" aria-controls=\"elementor-tab-content-2951\" aria-expanded=\"false\">\n\t\t\t\t\t\t\t\t\t\t\t\t\t<span class=\"elementor-accordion-icon elementor-accordion-icon-right\" aria-hidden=\"true\">\n\t\t\t\t\t\t\t\t\t\t\t\t\t\t\t<span class=\"elementor-accordion-icon-closed\"><svg class=\"e-font-icon-svg e-fas-plus\" viewBox=\"0 0 448 512\" xmlns=\"http:\/\/www.w3.org\/2000\/svg\"><path d=\"M416 208H272V64c0-17.67-14.33-32-32-32h-32c-17.67 0-32 14.33-32 32v144H32c-17.67 0-32 14.33-32 32v32c0 17.67 14.33 32 32 32h144v144c0 17.67 14.33 32 32 32h32c17.67 0 32-14.33 32-32V304h144c17.67 0 32-14.33 32-32v-32c0-17.67-14.33-32-32-32z\"><\/path><\/svg><\/span>\n\t\t\t\t\t\t\t\t<span class=\"elementor-accordion-icon-opened\"><svg class=\"e-font-icon-svg e-fas-minus\" viewBox=\"0 0 448 512\" xmlns=\"http:\/\/www.w3.org\/2000\/svg\"><path d=\"M416 208H32c-17.67 0-32 14.33-32 32v32c0 17.67 14.33 32 32 32h384c17.67 0 32-14.33 32-32v-32c0-17.67-14.33-32-32-32z\"><\/path><\/svg><\/span>\n\t\t\t\t\t\t\t\t\t\t\t\t\t\t<\/span>\n\t\t\t\t\t\t\t\t\t\t\t\t<a class=\"elementor-accordion-title\" tabindex=\"0\">Ai-je besoin d'une demande de permis de construire ?<\/a>\n\t\t\t\t\t<\/div>\n\t\t\t\t\t<div id=\"elementor-tab-content-2951\" class=\"elementor-tab-content elementor-clearfix\" data-tab=\"1\" role=\"region\" aria-labelledby=\"elementor-tab-title-2951\"><p>L&rsquo;extension d&rsquo;une maison n&rsquo;est jamais dispens\u00e9e de permis. Une demande est \u00e9galement toujours n\u00e9cessaire pour ajouter une v\u00e9randa \u00e0 votre maison existante. Dans certains cas, une obligation de notification est suffisante. Si ce n&rsquo;est pas le cas, vous aurez besoin d&rsquo;un permis de construire. Il s&rsquo;agit alors d&rsquo;une composition de fichier simple ou d&rsquo;une composition de fichier \u00e9tendue.<\/p>\n<p><strong>Obligation de d\u00e9claration :<br \/><\/strong>Dans de nombreux cas, vous pouvez travailler avec une obligation de d\u00e9claration. Certaines conditions de base doivent alors \u00eatre remplies<\/p>\n<ul>\n<li>Les d\u00e9pendances sont autoris\u00e9es \u00e0 hauteur de 40 m\u00b2 maximum par maison. Les porches et les buanderies sont pris en compte dans le calcul de cette surface maximale.<\/li>\n<li>Les d\u00e9pendances attenantes ne doivent pas d\u00e9passer 4 m mesur\u00e9s \u00e0 partir du sol.<\/li>\n<li>Ils ne peuvent pas modifier la fonction du bien ou le nombre d&rsquo;unit\u00e9s de logement.<\/li>\n<li>Dans le jardin lat\u00e9ral, ils doivent rester \u00e0 au moins 3 m\u00e8tres de la limite du terrain, et dans le jardin arri\u00e8re, \u00e0 au moins 2 m\u00e8tres.<\/li>\n<li>Si la v\u00e9randa est adoss\u00e9e \u00e0 une propri\u00e9t\u00e9 voisine, elle peut s&rsquo;\u00e9tendre jusqu&rsquo;\u00e0 la limite de la parcelle, \u00e0 condition que le mur de s\u00e9paration existant ne soit pas modifi\u00e9. La profondeur de construction de la v\u00e9randa ne doit pas d\u00e9passer la profondeur de construction du b\u00e2timent adjacent.<\/li>\n<\/ul>\n<p><strong>Aucun architecte n&rsquo;est n\u00e9cessaire si :<br \/><\/strong>toutes ces conditions sont remplies et qu&rsquo;aucun travail de stabilit\u00e9 n&rsquo;est n\u00e9cessaire, vous pouvez utiliser la notification sans la coop\u00e9ration d&rsquo;un architecte. Vous n&rsquo;avez pas besoin d&rsquo;un architecte pour le porche :<\/p>\n<ul>\n<li>est inf\u00e9rieure \u00e0 40 m\u00b2,<\/li>\n<li>se compose d&rsquo;au moins 75 % de verre,<\/li>\n<li>a une hauteur de corniche limit\u00e9e \u00e0 3 m,<\/li>\n<li>a une hauteur de cr\u00eate allant jusqu&rsquo;\u00e0 4,5 m.<\/li>\n<\/ul>\n<p><strong>Toutefois, le recours \u00e0 un architecte est obligatoire lorsque :<br \/><\/strong>Des travaux de stabilit\u00e9 sont pr\u00e9vus. En outre, les travaux ne doivent pas impliquer la r\u00e9solution d&rsquo;un probl\u00e8me structurel ni modifier la stabilit\u00e9 des maisons adjacentes.<\/p>\n<\/div>\n\t\t\t\t<\/div>\n\t\t\t\t\t\t\t<div class=\"elementor-accordion-item\">\n\t\t\t\t\t<div id=\"elementor-tab-title-2952\" class=\"elementor-tab-title\" data-tab=\"2\" role=\"button\" aria-controls=\"elementor-tab-content-2952\" aria-expanded=\"false\">\n\t\t\t\t\t\t\t\t\t\t\t\t\t<span class=\"elementor-accordion-icon elementor-accordion-icon-right\" aria-hidden=\"true\">\n\t\t\t\t\t\t\t\t\t\t\t\t\t\t\t<span class=\"elementor-accordion-icon-closed\"><svg class=\"e-font-icon-svg e-fas-plus\" viewBox=\"0 0 448 512\" xmlns=\"http:\/\/www.w3.org\/2000\/svg\"><path d=\"M416 208H272V64c0-17.67-14.33-32-32-32h-32c-17.67 0-32 14.33-32 32v144H32c-17.67 0-32 14.33-32 32v32c0 17.67 14.33 32 32 32h144v144c0 17.67 14.33 32 32 32h32c17.67 0 32-14.33 32-32V304h144c17.67 0 32-14.33 32-32v-32c0-17.67-14.33-32-32-32z\"><\/path><\/svg><\/span>\n\t\t\t\t\t\t\t\t<span class=\"elementor-accordion-icon-opened\"><svg class=\"e-font-icon-svg e-fas-minus\" viewBox=\"0 0 448 512\" xmlns=\"http:\/\/www.w3.org\/2000\/svg\"><path d=\"M416 208H32c-17.67 0-32 14.33-32 32v32c0 17.67 14.33 32 32 32h384c17.67 0 32-14.33 32-32v-32c0-17.67-14.33-32-32-32z\"><\/path><\/svg><\/span>\n\t\t\t\t\t\t\t\t\t\t\t\t\t\t<\/span>\n\t\t\t\t\t\t\t\t\t\t\t\t<a class=\"elementor-accordion-title\" tabindex=\"0\">Comment chauffer ma v\u00e9randa ?<\/a>\n\t\t\t\t\t<\/div>\n\t\t\t\t\t<div id=\"elementor-tab-content-2952\" class=\"elementor-tab-content elementor-clearfix\" data-tab=\"2\" role=\"region\" aria-labelledby=\"elementor-tab-title-2952\"><p>Pour profiter pleinement de votre v\u00e9randa \u00e0 chaque saison, nous travaillons avec des pompes \u00e0 chaleur. Cela vous permet de fournir \u00e0 la v\u00e9randa le refroidissement n\u00e9cessaire en \u00e9t\u00e9 et le chauffage n\u00e9cessaire en hiver.<\/p>\n<p>Les climatiseurs et les pompes \u00e0 chaleur que nous int\u00e9grons sont de la marque Samsung et sont fournis par <a href=\"https:\/\/www.kl-electro.be\/\" target=\"_blank\" rel=\"noopener noreferrer\">K.L Electro<\/a>.<\/p>\n<\/div>\n\t\t\t\t<\/div>\n\t\t\t\t\t\t\t<div class=\"elementor-accordion-item\">\n\t\t\t\t\t<div id=\"elementor-tab-title-2953\" class=\"elementor-tab-title\" data-tab=\"3\" role=\"button\" aria-controls=\"elementor-tab-content-2953\" aria-expanded=\"false\">\n\t\t\t\t\t\t\t\t\t\t\t\t\t<span class=\"elementor-accordion-icon elementor-accordion-icon-right\" aria-hidden=\"true\">\n\t\t\t\t\t\t\t\t\t\t\t\t\t\t\t<span class=\"elementor-accordion-icon-closed\"><svg class=\"e-font-icon-svg e-fas-plus\" viewBox=\"0 0 448 512\" xmlns=\"http:\/\/www.w3.org\/2000\/svg\"><path d=\"M416 208H272V64c0-17.67-14.33-32-32-32h-32c-17.67 0-32 14.33-32 32v144H32c-17.67 0-32 14.33-32 32v32c0 17.67 14.33 32 32 32h144v144c0 17.67 14.33 32 32 32h32c17.67 0 32-14.33 32-32V304h144c17.67 0 32-14.33 32-32v-32c0-17.67-14.33-32-32-32z\"><\/path><\/svg><\/span>\n\t\t\t\t\t\t\t\t<span class=\"elementor-accordion-icon-opened\"><svg class=\"e-font-icon-svg e-fas-minus\" viewBox=\"0 0 448 512\" xmlns=\"http:\/\/www.w3.org\/2000\/svg\"><path d=\"M416 208H32c-17.67 0-32 14.33-32 32v32c0 17.67 14.33 32 32 32h384c17.67 0 32-14.33 32-32v-32c0-17.67-14.33-32-32-32z\"><\/path><\/svg><\/span>\n\t\t\t\t\t\t\t\t\t\t\t\t\t\t<\/span>\n\t\t\t\t\t\t\t\t\t\t\t\t<a class=\"elementor-accordion-title\" tabindex=\"0\">R\u00e9novez-vous aussi les v\u00e9randas existantes ?<\/a>\n\t\t\t\t\t<\/div>\n\t\t\t\t\t<div id=\"elementor-tab-content-2953\" class=\"elementor-tab-content elementor-clearfix\" data-tab=\"3\" role=\"region\" aria-labelledby=\"elementor-tab-title-2953\"><p>Bien s\u00fbr ! <a href=\"https:\/\/greenhouseverandas.be\/fr\/contact\/\" target=\"_blank\" rel=\"noopener noreferrer\">Contactez-nous<\/a> pour nous faire part de votre probl\u00e8me ou passez sans engagement dans notre salle d&rsquo;exposition et nous discuterons des possibilit\u00e9s qui s&rsquo;offrent \u00e0 vous.<\/p>\n<\/div>\n\t\t\t\t<\/div>\n\t\t\t\t\t\t\t<div class=\"elementor-accordion-item\">\n\t\t\t\t\t<div id=\"elementor-tab-title-2954\" class=\"elementor-tab-title\" data-tab=\"4\" role=\"button\" aria-controls=\"elementor-tab-content-2954\" aria-expanded=\"false\">\n\t\t\t\t\t\t\t\t\t\t\t\t\t<span class=\"elementor-accordion-icon elementor-accordion-icon-right\" aria-hidden=\"true\">\n\t\t\t\t\t\t\t\t\t\t\t\t\t\t\t<span class=\"elementor-accordion-icon-closed\"><svg class=\"e-font-icon-svg e-fas-plus\" viewBox=\"0 0 448 512\" xmlns=\"http:\/\/www.w3.org\/2000\/svg\"><path d=\"M416 208H272V64c0-17.67-14.33-32-32-32h-32c-17.67 0-32 14.33-32 32v144H32c-17.67 0-32 14.33-32 32v32c0 17.67 14.33 32 32 32h144v144c0 17.67 14.33 32 32 32h32c17.67 0 32-14.33 32-32V304h144c17.67 0 32-14.33 32-32v-32c0-17.67-14.33-32-32-32z\"><\/path><\/svg><\/span>\n\t\t\t\t\t\t\t\t<span class=\"elementor-accordion-icon-opened\"><svg class=\"e-font-icon-svg e-fas-minus\" viewBox=\"0 0 448 512\" xmlns=\"http:\/\/www.w3.org\/2000\/svg\"><path d=\"M416 208H32c-17.67 0-32 14.33-32 32v32c0 17.67 14.33 32 32 32h384c17.67 0 32-14.33 32-32v-32c0-17.67-14.33-32-32-32z\"><\/path><\/svg><\/span>\n\t\t\t\t\t\t\t\t\t\t\t\t\t\t<\/span>\n\t\t\t\t\t\t\t\t\t\t\t\t<a class=\"elementor-accordion-title\" tabindex=\"0\">Fournissez-vous les \u0153uvres compl\u00e8tes ?<\/a>\n\t\t\t\t\t<\/div>\n\t\t\t\t\t<div id=\"elementor-tab-content-2954\" class=\"elementor-tab-content elementor-clearfix\" data-tab=\"4\" role=\"region\" aria-labelledby=\"elementor-tab-title-2954\"><p>Oui, nous fournissons des travaux complets de A \u00e0 Z. Nous disposons de nos propres \u00e9quipes de construction et d&rsquo;installation.<\/p>\n<\/div>\n\t\t\t\t<\/div>\n\t\t\t\t\t\t\t\t<\/div>\n\t\t\t\t\t\t<\/div>\n\t\t\t\t<\/div>\n\t\t\t\t\t<\/div>\n\t\t\t\t<\/div>\n\t\t\t\t\t<\/div>\n\t\t\t\t<\/div>\n\t\t<div class=\"elementor-element elementor-element-58c5ef43 e-flex e-con-boxed e-con e-parent\" data-id=\"58c5ef43\" data-element_type=\"container\" data-e-type=\"container\">\n\t\t\t\t\t<div class=\"e-con-inner\">\n\t\t\t\t<div class=\"elementor-element elementor-element-2a341dcf elementor-widget elementor-widget-heading\" data-id=\"2a341dcf\" data-element_type=\"widget\" data-e-type=\"widget\" data-widget_type=\"heading.default\">\n\t\t\t\t<div class=\"elementor-widget-container\">\n\t\t\t\t\t<h2 class=\"elementor-heading-title elementor-size-default\">Avez-vous une autre question ?<\/h2>\t\t\t\t<\/div>\n\t\t\t\t<\/div>\n\t\t\t\t<div class=\"elementor-element elementor-element-62d0edb5 elementor-align-left elementor-widget elementor-widget-button\" data-id=\"62d0edb5\" data-element_type=\"widget\" data-e-type=\"widget\" data-widget_type=\"button.default\">\n\t\t\t\t<div class=\"elementor-widget-container\">\n\t\t\t\t\t\t\t\t\t<div class=\"elementor-button-wrapper\">\n\t\t\t\t\t<a class=\"elementor-button elementor-button-link elementor-size-sm\" href=\"https:\/\/greenhouseverandas.be\/fr\/contact\/\">\n\t\t\t\t\t\t<span class=\"elementor-button-content-wrapper\">\n\t\t\t\t\t\t<span class=\"elementor-button-icon\">\n\t\t\t\t<svg aria-hidden=\"true\" class=\"e-font-icon-svg e-fas-chevron-right\" viewBox=\"0 0 320 512\" xmlns=\"http:\/\/www.w3.org\/2000\/svg\"><path d=\"M285.476 272.971L91.132 467.314c-9.373 9.373-24.569 9.373-33.941 0l-22.667-22.667c-9.357-9.357-9.375-24.522-.04-33.901L188.505 256 34.484 101.255c-9.335-9.379-9.317-24.544.04-33.901l22.667-22.667c9.373-9.373 24.569-9.373 33.941 0L285.475 239.03c9.373 9.372 9.373 24.568.001 33.941z\"><\/path><\/svg>\t\t\t<\/span>\n\t\t\t\t\t\t\t\t\t<span class=\"elementor-button-text\">CONTACTEZ-NOUS<\/span>\n\t\t\t\t\t<\/span>\n\t\t\t\t\t<\/a>\n\t\t\t\t<\/div>\n\t\t\t\t\t\t\t\t<\/div>\n\t\t\t\t<\/div>\n\t\t\t\t\t<\/div>\n\t\t\t\t<\/div>\n\t\t\t\t<\/div>\n\t\t","protected":false},"excerpt":{"rendered":"<p>Questions fr\u00e9quemment pos\u00e9es Nous sommes heureux d&rsquo;y r\u00e9pondre ! Ai-je besoin d&rsquo;une demande de permis de construire ? L&#8217;extension d&#8217;une maison n&#8217;est jamais dispens\u00e9e de permis. Une demande est \u00e9galement toujours n\u00e9cessaire pour ajouter une v\u00e9randa \u00e0 votre maison existante. Dans certains cas, une obligation de notification est suffisante. Si ce n&#8217;est pas le cas, [&hellip;]<\/p>\n","protected":false},"author":1,"featured_media":0,"parent":0,"menu_order":0,"comment_status":"closed","ping_status":"closed","template":"elementor_header_footer","meta":{"_acf_changed":false,"footnotes":""},"class_list":["post-6748","page","type-page","status-publish","hentry"],"acf":[],"_links":{"self":[{"href":"https:\/\/greenhouseverandas.be\/fr\/wp-json\/wp\/v2\/pages\/6748","targetHints":{"allow":["GET"]}}],"collection":[{"href":"https:\/\/greenhouseverandas.be\/fr\/wp-json\/wp\/v2\/pages"}],"about":[{"href":"https:\/\/greenhouseverandas.be\/fr\/wp-json\/wp\/v2\/types\/page"}],"author":[{"embeddable":true,"href":"https:\/\/greenhouseverandas.be\/fr\/wp-json\/wp\/v2\/users\/1"}],"replies":[{"embeddable":true,"href":"https:\/\/greenhouseverandas.be\/fr\/wp-json\/wp\/v2\/comments?post=6748"}],"version-history":[{"count":0,"href":"https:\/\/greenhouseverandas.be\/fr\/wp-json\/wp\/v2\/pages\/6748\/revisions"}],"wp:attachment":[{"href":"https:\/\/greenhouseverandas.be\/fr\/wp-json\/wp\/v2\/media?parent=6748"}],"curies":[{"name":"wp","href":"https:\/\/api.w.org\/{rel}","templated":true}]}}