{"id":6735,"date":"2024-02-07T16:17:46","date_gmt":"2024-02-07T15:17:46","guid":{"rendered":"https:\/\/greenhouseverandas.be\/politique-de-confidentialite\/"},"modified":"2024-04-04T10:15:29","modified_gmt":"2024-04-04T09:15:29","slug":"politique-de-confidentialite","status":"publish","type":"page","link":"https:\/\/greenhouseverandas.be\/fr\/politique-de-confidentialite\/","title":{"rendered":"Politique de confidentialit\u00e9"},"content":{"rendered":"\t\t<div data-elementor-type=\"wp-page\" data-elementor-id=\"6735\" class=\"elementor elementor-6735 elementor-3265\" data-elementor-post-type=\"page\">\n\t\t\t\t<div class=\"elementor-element elementor-element-77626a8 e-flex e-con-boxed e-con e-parent\" data-id=\"77626a8\" data-element_type=\"container\" data-e-type=\"container\">\n\t\t\t\t\t<div class=\"e-con-inner\">\n\t\t\t\t<div class=\"elementor-element elementor-element-83eb23d elementor-widget elementor-widget-heading\" data-id=\"83eb23d\" data-element_type=\"widget\" data-e-type=\"widget\" data-widget_type=\"heading.default\">\n\t\t\t\t<div class=\"elementor-widget-container\">\n\t\t\t\t\t<h2 class=\"elementor-heading-title elementor-size-default\">Politique de confidentialit\u00e9<\/h2>\t\t\t\t<\/div>\n\t\t\t\t<\/div>\n\t\t\t\t\t<\/div>\n\t\t\t\t<\/div>\n\t\t<div class=\"elementor-element elementor-element-18f3826e e-flex e-con-boxed e-con e-parent\" data-id=\"18f3826e\" data-element_type=\"container\" data-e-type=\"container\">\n\t\t\t\t\t<div class=\"e-con-inner\">\n\t\t\t\t<div class=\"elementor-element elementor-element-46d9f8bd elementor-widget elementor-widget-text-editor\" data-id=\"46d9f8bd\" data-element_type=\"widget\" data-e-type=\"widget\" data-widget_type=\"text-editor.default\">\n\t\t\t\t<div class=\"elementor-widget-container\">\n\t\t\t\t\t\t\t\t\t\n<h2>Qui sommes-nous ?<\/h2>\n\n<p>L&rsquo;adresse de notre site web est la suivante : https:\/\/greenhouseverandas.be<\/p>\n\n<h2>Commentaires<\/h2>\n\n<p>Lorsque les visiteurs laissent des commentaires sur le site web, nous collectons les donn\u00e9es figurant dans le formulaire de commentaire, l&rsquo;adresse IP du visiteur et l&rsquo;agent utilisateur du navigateur afin de lutter contre le spam.<\/p>\n\n<p>Une cha\u00eene anonyme cr\u00e9\u00e9e \u00e0 partir de votre adresse \u00e9lectronique (\u00e9galement appel\u00e9e \u00ab\u00a0hash\u00a0\u00bb) peut \u00eatre envoy\u00e9e au service Gravatar si vous l&rsquo;utilisez. La page relative \u00e0 la politique de confidentialit\u00e9 se trouve \u00e0 l&rsquo;adresse suivante : https:\/\/automattic.com\/privacy\/. Une fois votre commentaire approuv\u00e9, votre photo de profil sera visible publiquement dans le contexte de votre commentaire.<\/p>\n\n<h2>Les m\u00e9dias<\/h2>\n\n<p>Lorsque vous t\u00e9l\u00e9chargez des images sur le site web, vous devez \u00e9viter de t\u00e9l\u00e9charger des images contenant des donn\u00e9es de localisation GPS (donn\u00e9es EXIF). Les visiteurs du site web peuvent t\u00e9l\u00e9charger des images \u00e0 partir de votre site web et voir ces donn\u00e9es de localisation.<\/p>\n\n<h2>Cookies<\/h2>\n\n<p>Lorsque vous laissez un commentaire sur notre site web, vous pouvez indiquer si nous pouvons stocker votre nom, votre adresse \u00e9lectronique et votre site web dans un cookie. Nous le faisons pour vous faciliter la t\u00e2che, afin que vous n&rsquo;ayez pas \u00e0 saisir \u00e0 nouveau ces informations pour un nouveau commentaire. Ces cookies sont valables pendant un an.<\/p>\n\n<p>Si vous avez un compte et que vous vous connectez \u00e0 ce site web, nous stockons un cookie temporaire pour d\u00e9terminer si votre navigateur accepte les cookies. Ce cookie ne contient aucune donn\u00e9e personnelle et est supprim\u00e9 d\u00e8s que vous fermez votre navigateur.<\/p>\n\n<p>Lorsque vous vous connectez, nous stockons certains cookies li\u00e9s \u00e0 vos informations de connexion et aux options d&rsquo;affichage de l&rsquo;\u00e9cran. Les cookies de connexion sont valables pendant 2 jours et les cookies pour les options d&rsquo;affichage d&rsquo;\u00e9cran pendant 1 an. Si vous s\u00e9lectionnez \u00ab\u00a0Se souvenir de moi\u00a0\u00bb, votre login sera sauvegard\u00e9 pendant 2 semaines. Lorsque vous vous d\u00e9connectez de votre compte, les cookies de connexion sont supprim\u00e9s.<\/p>\n\n<p>Lorsque vous modifiez ou publiez un article, un cookie suppl\u00e9mentaire est stock\u00e9 par votre navigateur. Ce cookie ne contient aucune donn\u00e9e personnelle et contient uniquement l&rsquo;identifiant du message de l&rsquo;article que vous avez \u00e9dit\u00e9. Ce cookie expire apr\u00e8s un jour.<\/p>\n\n<h2>Contenu int\u00e9gr\u00e9 d&rsquo;autres sites web<\/h2>\n\n<p>Les articles publi\u00e9s sur ce site peuvent contenir du contenu int\u00e9gr\u00e9. Par exemple, des vid\u00e9os, des images, des messages, etc. Le contenu incorpor\u00e9 provenant d&rsquo;autres sites web se comporte exactement comme si le visiteur avait visit\u00e9 cet autre site web.<\/p>\n\n<p>Ces sites web peuvent collecter des donn\u00e9es vous concernant, utiliser des cookies, int\u00e9grer un suivi par des tiers et surveiller votre interaction avec ce contenu int\u00e9gr\u00e9, y compris l&rsquo;interaction avec le contenu int\u00e9gr\u00e9 si vous avez un compte et que vous \u00eates connect\u00e9 \u00e0 ce site web.<\/p>\n\n<h2>Avec qui nous partageons vos donn\u00e9es<\/h2>\n\n<p>Si vous demandez une r\u00e9initialisation de votre mot de passe, votre adresse IP sera incluse dans l&rsquo;e-mail de r\u00e9initialisation.<\/p>\n\n<h2>Dur\u00e9e de conservation des donn\u00e9es<\/h2>\n\n<p>Lorsque vous laissez un commentaire, ce commentaire et ses m\u00e9tadonn\u00e9es sont sauvegard\u00e9s pour toujours. De cette fa\u00e7on, nous pouvons reconna\u00eetre et approuver automatiquement les commentaires de suivi au lieu de devoir les mod\u00e9rer.<\/p>\n\n<p>Pour les utilisateurs qui s&rsquo;inscrivent sur notre site web (le cas \u00e9ch\u00e9ant), nous stockons \u00e9galement des informations personnelles dans leur profil d&rsquo;utilisateur. Tous les utilisateurs peuvent consulter, modifier ou supprimer leurs informations personnelles \u00e0 tout moment (seul le nom d&rsquo;utilisateur ne peut \u00eatre modifi\u00e9). Les administrateurs de sites web peuvent \u00e9galement consulter et modifier ces informations.<\/p>\n\n<h2>Quels sont les droits que vous conf\u00e8rent vos propres donn\u00e9es ?<\/h2>\n\n<p>Si vous avez un compte sur ce site web ou si vous avez publi\u00e9 des commentaires, vous pouvez demander un fichier d&rsquo;exportation des donn\u00e9es personnelles que nous d\u00e9tenons \u00e0 votre sujet, y compris toutes les donn\u00e9es que vous nous avez fournies. Vous pouvez \u00e9galement nous demander de supprimer les donn\u00e9es personnelles que nous d\u00e9tenons \u00e0 votre sujet. Cela n&rsquo;inclut pas les donn\u00e9es que nous sommes tenus de conserver \u00e0 des fins administratives, juridiques ou de s\u00e9curit\u00e9.<\/p>\n\n<h2>O\u00f9 vos donn\u00e9es seront-elles envoy\u00e9es ?<\/h2>\n\n<p>Les commentaires des visiteurs peuvent \u00eatre achemin\u00e9s par un service automatis\u00e9 de d\u00e9tection des spams.<\/p>\n\t\t\t\t\t\t\t\t<\/div>\n\t\t\t\t<\/div>\n\t\t\t\t\t<\/div>\n\t\t\t\t<\/div>\n\t\t\t\t<\/div>\n\t\t","protected":false},"excerpt":{"rendered":"<p>Politique de confidentialit\u00e9 Qui sommes-nous ? L&rsquo;adresse de notre site web est la suivante : https:\/\/greenhouseverandas.be Commentaires Lorsque les visiteurs laissent des commentaires sur le site web, nous collectons les donn\u00e9es figurant dans le formulaire de commentaire, l&rsquo;adresse IP du visiteur et l&rsquo;agent utilisateur du navigateur afin de lutter contre le spam. Une cha\u00eene anonyme [&hellip;]<\/p>\n","protected":false},"author":1,"featured_media":0,"parent":0,"menu_order":0,"comment_status":"closed","ping_status":"closed","template":"elementor_header_footer","meta":{"_acf_changed":false,"footnotes":""},"class_list":["post-6735","page","type-page","status-publish","hentry"],"acf":[],"_links":{"self":[{"href":"https:\/\/greenhouseverandas.be\/fr\/wp-json\/wp\/v2\/pages\/6735","targetHints":{"allow":["GET"]}}],"collection":[{"href":"https:\/\/greenhouseverandas.be\/fr\/wp-json\/wp\/v2\/pages"}],"about":[{"href":"https:\/\/greenhouseverandas.be\/fr\/wp-json\/wp\/v2\/types\/page"}],"author":[{"embeddable":true,"href":"https:\/\/greenhouseverandas.be\/fr\/wp-json\/wp\/v2\/users\/1"}],"replies":[{"embeddable":true,"href":"https:\/\/greenhouseverandas.be\/fr\/wp-json\/wp\/v2\/comments?post=6735"}],"version-history":[{"count":0,"href":"https:\/\/greenhouseverandas.be\/fr\/wp-json\/wp\/v2\/pages\/6735\/revisions"}],"wp:attachment":[{"href":"https:\/\/greenhouseverandas.be\/fr\/wp-json\/wp\/v2\/media?parent=6735"}],"curies":[{"name":"wp","href":"https:\/\/api.w.org\/{rel}","templated":true}]}}