{"id":6727,"date":"2024-02-07T13:25:34","date_gmt":"2024-02-07T12:25:34","guid":{"rendered":"https:\/\/greenhouseverandas.be\/references\/"},"modified":"2024-04-04T10:44:10","modified_gmt":"2024-04-04T09:44:10","slug":"references","status":"publish","type":"page","link":"https:\/\/greenhouseverandas.be\/fr\/references\/","title":{"rendered":"R\u00e9f\u00e9rences"},"content":{"rendered":"\t\t<div data-elementor-type=\"wp-page\" data-elementor-id=\"6727\" class=\"elementor elementor-6727 elementor-3076\" data-elementor-post-type=\"page\">\n\t\t\t\t<div class=\"elementor-element elementor-element-26eaf24 e-flex e-con-boxed e-con e-parent\" data-id=\"26eaf24\" data-element_type=\"container\" data-e-type=\"container\">\n\t\t\t\t\t<div class=\"e-con-inner\">\n\t\t\t\t<div class=\"elementor-element elementor-element-ad9c8bb elementor-widget elementor-widget-heading\" data-id=\"ad9c8bb\" data-element_type=\"widget\" data-e-type=\"widget\" data-widget_type=\"heading.default\">\n\t\t\t\t<div class=\"elementor-widget-container\">\n\t\t\t\t\t<h2 class=\"elementor-heading-title elementor-size-default\">R\u00e9f\u00e9rences<\/h2>\t\t\t\t<\/div>\n\t\t\t\t<\/div>\n\t\t\t\t<div class=\"elementor-element elementor-element-3c28096 elementor-widget elementor-widget-text-editor\" data-id=\"3c28096\" data-element_type=\"widget\" data-e-type=\"widget\" data-widget_type=\"text-editor.default\">\n\t\t\t\t<div class=\"elementor-widget-container\">\n\t\t\t\t\t\t\t\t\t<p>Consultez nos projets r\u00e9alis\u00e9s et d\u00e9couvrez la magie de la vie en plein air avec Greenhouse Veranda&rsquo;s.<\/p>\n\t\t\t\t\t\t\t\t<\/div>\n\t\t\t\t<\/div>\n\t\t\t\t\t<\/div>\n\t\t\t\t<\/div>\n\t\t<div class=\"elementor-element elementor-element-2d09e0e e-flex e-con-boxed e-con e-parent\" data-id=\"2d09e0e\" data-element_type=\"container\" data-e-type=\"container\">\n\t\t\t\t\t<div class=\"e-con-inner\">\n\t\t<div class=\"elementor-element elementor-element-33ad5cc e-flex e-con-boxed e-con e-child\" data-id=\"33ad5cc\" data-element_type=\"container\" data-e-type=\"container\">\n\t\t\t\t\t<div class=\"e-con-inner\">\n\t\t\t\t<div class=\"elementor-element elementor-element-5e88982 elementor-grid-3 elementor-grid-tablet-2 elementor-grid-mobile-1 elementor-widget elementor-widget-portfolio\" data-id=\"5e88982\" data-element_type=\"widget\" data-e-type=\"widget\" data-settings=\"{&quot;row_gap&quot;:{&quot;unit&quot;:&quot;px&quot;,&quot;size&quot;:15,&quot;sizes&quot;:[]},&quot;columns&quot;:&quot;3&quot;,&quot;columns_tablet&quot;:&quot;2&quot;,&quot;columns_mobile&quot;:&quot;1&quot;,&quot;item_ratio&quot;:{&quot;unit&quot;:&quot;px&quot;,&quot;size&quot;:0.66,&quot;sizes&quot;:[]},&quot;item_gap&quot;:{&quot;unit&quot;:&quot;px&quot;,&quot;size&quot;:&quot;&quot;,&quot;sizes&quot;:[]}}\" data-widget_type=\"portfolio.default\">\n\t\t\t\t<div class=\"elementor-widget-container\">\n\t\t\t\t\t\t\t<ul class=\"elementor-portfolio__filters\">\n\t\t\t<li class=\"elementor-portfolio__filter elementor-active\" tabindex=\"0\" data-filter=\"__all\">Tout<\/li>\n\t\t\t\t\t\t\t<li class=\"elementor-portfolio__filter\" tabindex=\"0\" data-filter=\"24\">Landelijk<\/li>\n\t\t\t\t\t\t\t<li class=\"elementor-portfolio__filter\" tabindex=\"0\" data-filter=\"25\">Modern<\/li>\n\t\t\t\t\t<\/ul>\n\t\t\t\t<div class=\"elementor-portfolio elementor-grid elementor-posts-container\" role=\"list\">\n\t\t\t\t<article class=\"elementor-portfolio-item elementor-post elementor-filter-24 post-3242 referentie type-referentie status-publish has-post-thumbnail hentry referenties-categorie-referentie-landelijk\" role=\"listitem\">\n\t\t\t<a class=\"elementor-post__thumbnail__link\" href=\"https:\/\/greenhouseverandas.be\/fr\/?p=3242\">\n\t\t\t\t<div class=\"elementor-portfolio-item__img elementor-post__thumbnail\">\n\t\t\t<img fetchpriority=\"high\" decoding=\"async\" width=\"300\" height=\"168\" src=\"https:\/\/greenhouseverandas.be\/wp-content\/uploads\/2024\/02\/moderne-tuinkamer-300x168.png\" class=\"attachment-medium size-medium wp-image-3046\" alt=\"moderne-tuinkamer\" srcset=\"https:\/\/greenhouseverandas.be\/wp-content\/uploads\/2024\/02\/moderne-tuinkamer-300x168.png 300w, https:\/\/greenhouseverandas.be\/wp-content\/uploads\/2024\/02\/moderne-tuinkamer-1024x573.png 1024w, https:\/\/greenhouseverandas.be\/wp-content\/uploads\/2024\/02\/moderne-tuinkamer-768x430.png 768w, https:\/\/greenhouseverandas.be\/wp-content\/uploads\/2024\/02\/moderne-tuinkamer-1536x859.png 1536w, https:\/\/greenhouseverandas.be\/wp-content\/uploads\/2024\/02\/moderne-tuinkamer-2048x1145.png 2048w\" sizes=\"(max-width: 300px) 100vw, 300px\" \/>\t\t<\/div>\n\t\t\t\t<div class=\"elementor-portfolio-item__overlay\">\n\t\t\t\t<\/div>\n\t\t\t\t<\/a>\n\t\t<\/article>\n\t\t\t\t<article class=\"elementor-portfolio-item elementor-post elementor-filter-25 post-3067 referentie type-referentie status-publish has-post-thumbnail hentry referenties-categorie-referentie-modern\" role=\"listitem\">\n\t\t\t<a class=\"elementor-post__thumbnail__link\" href=\"https:\/\/greenhouseverandas.be\/fr\/?p=3067\">\n\t\t\t\t<div class=\"elementor-portfolio-item__img elementor-post__thumbnail\">\n\t\t\t<img decoding=\"async\" width=\"300\" height=\"225\" src=\"https:\/\/greenhouseverandas.be\/wp-content\/uploads\/2024\/01\/image00005-1-300x225.jpeg\" class=\"attachment-medium size-medium wp-image-2365\" alt=\"Screens\" srcset=\"https:\/\/greenhouseverandas.be\/wp-content\/uploads\/2024\/01\/image00005-1-300x225.jpeg 300w, https:\/\/greenhouseverandas.be\/wp-content\/uploads\/2024\/01\/image00005-1-1024x768.jpeg 1024w, https:\/\/greenhouseverandas.be\/wp-content\/uploads\/2024\/01\/image00005-1-768x576.jpeg 768w, https:\/\/greenhouseverandas.be\/wp-content\/uploads\/2024\/01\/image00005-1-1536x1152.jpeg 1536w, https:\/\/greenhouseverandas.be\/wp-content\/uploads\/2024\/01\/image00005-1-2048x1536.jpeg 2048w\" sizes=\"(max-width: 300px) 100vw, 300px\" \/>\t\t<\/div>\n\t\t\t\t<div class=\"elementor-portfolio-item__overlay\">\n\t\t\t\t<\/div>\n\t\t\t\t<\/a>\n\t\t<\/article>\n\t\t\t\t<article class=\"elementor-portfolio-item elementor-post elementor-filter-24 post-3066 referentie type-referentie status-publish has-post-thumbnail hentry referenties-categorie-referentie-landelijk\" role=\"listitem\">\n\t\t\t<a class=\"elementor-post__thumbnail__link\" href=\"https:\/\/greenhouseverandas.be\/fr\/?p=3066\">\n\t\t\t\t<div class=\"elementor-portfolio-item__img elementor-post__thumbnail\">\n\t\t\t<img decoding=\"async\" width=\"300\" height=\"225\" src=\"https:\/\/greenhouseverandas.be\/wp-content\/uploads\/2024\/01\/image00021-300x225.jpeg\" class=\"attachment-medium size-medium wp-image-2135\" alt=\"Landelijke tuinkamer\" srcset=\"https:\/\/greenhouseverandas.be\/wp-content\/uploads\/2024\/01\/image00021-300x225.jpeg 300w, https:\/\/greenhouseverandas.be\/wp-content\/uploads\/2024\/01\/image00021-1024x768.jpeg 1024w, https:\/\/greenhouseverandas.be\/wp-content\/uploads\/2024\/01\/image00021-768x576.jpeg 768w, https:\/\/greenhouseverandas.be\/wp-content\/uploads\/2024\/01\/image00021-1536x1152.jpeg 1536w, https:\/\/greenhouseverandas.be\/wp-content\/uploads\/2024\/01\/image00021-2048x1536.jpeg 2048w\" sizes=\"(max-width: 300px) 100vw, 300px\" \/>\t\t<\/div>\n\t\t\t\t<div class=\"elementor-portfolio-item__overlay\">\n\t\t\t\t<\/div>\n\t\t\t\t<\/a>\n\t\t<\/article>\n\t\t\t\t<article class=\"elementor-portfolio-item elementor-post elementor-filter-25 post-3065 referentie type-referentie status-publish has-post-thumbnail hentry referenties-categorie-referentie-modern\" role=\"listitem\">\n\t\t\t<a class=\"elementor-post__thumbnail__link\" href=\"https:\/\/greenhouseverandas.be\/fr\/?p=3065\">\n\t\t\t\t<div class=\"elementor-portfolio-item__img elementor-post__thumbnail\">\n\t\t\t<img loading=\"lazy\" decoding=\"async\" width=\"300\" height=\"208\" src=\"https:\/\/greenhouseverandas.be\/wp-content\/uploads\/2024\/01\/DSC04506-300x208.jpg\" class=\"attachment-medium size-medium wp-image-2036\" alt=\"Moderne woonveranda\" srcset=\"https:\/\/greenhouseverandas.be\/wp-content\/uploads\/2024\/01\/DSC04506-300x208.jpg 300w, https:\/\/greenhouseverandas.be\/wp-content\/uploads\/2024\/01\/DSC04506-1024x709.jpg 1024w, https:\/\/greenhouseverandas.be\/wp-content\/uploads\/2024\/01\/DSC04506-768x532.jpg 768w, https:\/\/greenhouseverandas.be\/wp-content\/uploads\/2024\/01\/DSC04506-1536x1064.jpg 1536w, https:\/\/greenhouseverandas.be\/wp-content\/uploads\/2024\/01\/DSC04506-2048x1419.jpg 2048w\" sizes=\"(max-width: 300px) 100vw, 300px\" \/>\t\t<\/div>\n\t\t\t\t<div class=\"elementor-portfolio-item__overlay\">\n\t\t\t\t<\/div>\n\t\t\t\t<\/a>\n\t\t<\/article>\n\t\t\t\t<article class=\"elementor-portfolio-item elementor-post elementor-filter-24 post-3064 referentie type-referentie status-publish has-post-thumbnail hentry referenties-categorie-referentie-landelijk\" role=\"listitem\">\n\t\t\t<a class=\"elementor-post__thumbnail__link\" href=\"https:\/\/greenhouseverandas.be\/fr\/?p=3064\">\n\t\t\t\t<div class=\"elementor-portfolio-item__img elementor-post__thumbnail\">\n\t\t\t<img loading=\"lazy\" decoding=\"async\" width=\"300\" height=\"199\" src=\"https:\/\/greenhouseverandas.be\/wp-content\/uploads\/2024\/01\/Veranda-met-lichtkoepel_12-300x199.jpg\" class=\"attachment-medium size-medium wp-image-1822\" alt=\"Landelijke woonveranda\" srcset=\"https:\/\/greenhouseverandas.be\/wp-content\/uploads\/2024\/01\/Veranda-met-lichtkoepel_12-300x199.jpg 300w, https:\/\/greenhouseverandas.be\/wp-content\/uploads\/2024\/01\/Veranda-met-lichtkoepel_12-1024x680.jpg 1024w, https:\/\/greenhouseverandas.be\/wp-content\/uploads\/2024\/01\/Veranda-met-lichtkoepel_12-768x510.jpg 768w, https:\/\/greenhouseverandas.be\/wp-content\/uploads\/2024\/01\/Veranda-met-lichtkoepel_12-1536x1021.jpg 1536w, https:\/\/greenhouseverandas.be\/wp-content\/uploads\/2024\/01\/Veranda-met-lichtkoepel_12-2048x1361.jpg 2048w\" sizes=\"(max-width: 300px) 100vw, 300px\" \/>\t\t<\/div>\n\t\t\t\t<div class=\"elementor-portfolio-item__overlay\">\n\t\t\t\t<\/div>\n\t\t\t\t<\/a>\n\t\t<\/article>\n\t\t\t\t<\/div>\n\t\t\t\t\t\t<\/div>\n\t\t\t\t<\/div>\n\t\t\t\t\t<\/div>\n\t\t\t\t<\/div>\n\t\t\t\t\t<\/div>\n\t\t\t\t<\/div>\n\t\t\t\t<\/div>\n\t\t","protected":false},"excerpt":{"rendered":"<p>R\u00e9f\u00e9rences Consultez nos projets r\u00e9alis\u00e9s et d\u00e9couvrez la magie de la vie en plein air avec Greenhouse Veranda&rsquo;s.<\/p>\n","protected":false},"author":1,"featured_media":0,"parent":0,"menu_order":0,"comment_status":"closed","ping_status":"closed","template":"elementor_header_footer","meta":{"_acf_changed":false,"footnotes":""},"class_list":["post-6727","page","type-page","status-publish","hentry"],"acf":[],"_links":{"self":[{"href":"https:\/\/greenhouseverandas.be\/fr\/wp-json\/wp\/v2\/pages\/6727","targetHints":{"allow":["GET"]}}],"collection":[{"href":"https:\/\/greenhouseverandas.be\/fr\/wp-json\/wp\/v2\/pages"}],"about":[{"href":"https:\/\/greenhouseverandas.be\/fr\/wp-json\/wp\/v2\/types\/page"}],"author":[{"embeddable":true,"href":"https:\/\/greenhouseverandas.be\/fr\/wp-json\/wp\/v2\/users\/1"}],"replies":[{"embeddable":true,"href":"https:\/\/greenhouseverandas.be\/fr\/wp-json\/wp\/v2\/comments?post=6727"}],"version-history":[{"count":0,"href":"https:\/\/greenhouseverandas.be\/fr\/wp-json\/wp\/v2\/pages\/6727\/revisions"}],"wp:attachment":[{"href":"https:\/\/greenhouseverandas.be\/fr\/wp-json\/wp\/v2\/media?parent=6727"}],"curies":[{"name":"wp","href":"https:\/\/api.w.org\/{rel}","templated":true}]}}